{"id":17,"date":"2026-01-03T23:30:20","date_gmt":"2026-01-03T23:30:20","guid":{"rendered":"https:\/\/yeahmur.wasmer.app\/?page_id=17"},"modified":"2026-01-03T23:39:40","modified_gmt":"2026-01-03T23:39:40","slug":"onlyfans-turkey","status":"publish","type":"page","link":"https:\/\/yeahmur.wasmer.app\/?page_id=17","title":{"rendered":"Onlyfans Turkey"},"content":{"rendered":"\n<!DOCTYPE html>\n<html lang=\"tr\">\n<head>\n    <meta charset=\"UTF-8\">\n    <meta name=\"viewport\" content=\"width=device-width, initial-scale=1.0\">\n    <title>Profil Kartlar\u0131<\/title>\n    <style>\n        * {\n            margin: 0;\n            padding: 0;\n            box-sizing: border-box;\n        }\n\n        body {\n            background-color: #000000;\n            font-family: -apple-system, BlinkMacSystemFont, 'Segoe UI', Arial, sans-serif;\n            padding: 20px;\n            min-height: 100vh;\n        }\n\n        .profiles-container {\n            max-width: 1200px;\n            margin: 0 auto;\n            display: grid;\n            grid-template-columns: repeat(auto-fit, minmax(280px, 1fr));\n            gap: 20px;\n            padding: 20px 0;\n        }\n\n        .profile-card {\n            background: linear-gradient(135deg, #1a1a1a 0%, #0d0d0d 100%);\n            border: 2px solid #333;\n            border-radius: 15px;\n            padding: 25px;\n            display: flex;\n            flex-direction: column;\n            align-items: center;\n            position: relative;\n            transition: transform 0.3s ease, box-shadow 0.3s ease;\n            overflow: hidden;\n        }\n\n        .profile-card:hover {\n            transform: translateY(-5px);\n            box-shadow: 0 10px 30px rgba(0, 212, 255, 0.3);\n        }\n\n        .profile-card.featured {\n            border: 2px solid #00d4ff;\n            box-shadow: 0 0 20px rgba(0, 212, 255, 0.4);\n        }\n\n        .live-indicator {\n            position: absolute;\n            top: 10px;\n            right: 10px;\n            background: linear-gradient(135deg, #ff0040 0%, #cc0033 100%);\n            color: #ffffff;\n            padding: 5px 12px;\n            border-radius: 20px;\n            font-size: 0.75rem;\n            font-weight: bold;\n            animation: pulse 2s ease-in-out infinite;\n            display: flex;\n            align-items: center;\n            gap: 5px;\n        }\n\n        .live-dot {\n            width: 8px;\n            height: 8px;\n            background-color: #ffffff;\n            border-radius: 50%;\n            animation: blink 1s ease-in-out infinite;\n        }\n\n        .profile-picture-wrapper {\n            position: relative;\n            margin-bottom: 15px;\n        }\n\n        .profile-picture {\n            width: 120px;\n            height: 120px;\n            border-radius: 50%;\n            background: linear-gradient(135deg, #667eea 0%, #764ba2 100%);\n            display: flex;\n            align-items: center;\n            justify-content: center;\n            font-size: 3rem;\n            color: #ffffff;\n            font-weight: bold;\n            border: 4px solid #333;\n            position: relative;\n        }\n\n        .profile-picture.live {\n            border: 4px solid #ff0040;\n            box-shadow: 0 0 20px rgba(255, 0, 64, 0.6);\n            animation: livePulse 2s ease-in-out infinite;\n        }\n\n        .live-text {\n            position: absolute;\n            bottom: -25px;\n            left: 50%;\n            transform: translateX(-50%);\n            background: #ff0040;\n            color: #ffffff;\n            padding: 4px 10px;\n            border-radius: 10px;\n            font-size: 0.7rem;\n            font-weight: bold;\n            white-space: nowrap;\n            box-shadow: 0 2px 10px rgba(255, 0, 64, 0.5);\n        }\n\n        .username-section {\n            display: flex;\n            align-items: center;\n            gap: 8px;\n            margin-bottom: 15px;\n            margin-top: 10px;\n        }\n\n        .username {\n            color: #ffffff;\n            font-size: 1.3rem;\n            font-weight: bold;\n        }\n\n        .verified-badge {\n            width: 20px;\n            height: 20px;\n            background: linear-gradient(135deg, #00d4ff 0%, #0099cc 100%);\n            border-radius: 50%;\n            display: flex;\n            align-items: center;\n            justify-content: center;\n            color: #000000;\n            font-size: 0.7rem;\n            font-weight: bold;\n        }\n\n        .stats {\n            width: 100%;\n            display: flex;\n            justify-content: space-around;\n            margin-top: 15px;\n            padding-top: 15px;\n            border-top: 1px solid #333;\n        }\n\n        .stat-item {\n            display: flex;\n            flex-direction: column;\n            align-items: center;\n            gap: 5px;\n        }\n\n        .stat-value {\n            color: #00d4ff;\n            font-size: 1.1rem;\n            font-weight: bold;\n        }\n\n        .stat-label {\n            color: #888;\n            font-size: 0.85rem;\n        }\n\n        @keyframes pulse {\n            0%, 100% {\n                opacity: 1;\n            }\n            50% {\n                opacity: 0.7;\n            }\n        }\n\n        @keyframes blink {\n            0%, 100% {\n                opacity: 1;\n            }\n            50% {\n                opacity: 0.3;\n            }\n        }\n\n        @keyframes livePulse {\n            0%, 100% {\n                box-shadow: 0 0 20px rgba(255, 0, 64, 0.6);\n            }\n            50% {\n                box-shadow: 0 0 30px rgba(255, 0, 64, 0.9);\n            }\n        }\n\n        \/* Tablet i\u00e7in *\/\n        @media (max-width: 768px) {\n            .profiles-container {\n                grid-template-columns: repeat(auto-fit, minmax(240px, 1fr));\n                gap: 15px;\n            }\n\n            .profile-card {\n                padding: 20px;\n            }\n\n            .profile-picture {\n                width: 100px;\n                height: 100px;\n                font-size: 2.5rem;\n            }\n\n            .username {\n                font-size: 1.1rem;\n            }\n\n            .stat-value {\n                font-size: 1rem;\n            }\n        }\n\n        \/* Mobil i\u00e7in *\/\n        @media (max-width: 480px) {\n            body {\n                padding: 10px;\n            }\n\n            .profiles-container {\n                grid-template-columns: 1fr;\n                gap: 15px;\n            }\n\n            .profile-card {\n                padding: 20px 15px;\n            }\n\n            .profile-picture {\n                width: 90px;\n                height: 90px;\n                font-size: 2rem;\n            }\n\n            .username {\n                font-size: 1rem;\n            }\n\n            .verified-badge {\n                width: 18px;\n                height: 18px;\n                font-size: 0.6rem;\n            }\n\n            .stat-value {\n                font-size: 0.95rem;\n            }\n\n            .stat-label {\n                font-size: 0.75rem;\n            }\n\n            .live-indicator {\n                font-size: 0.7rem;\n                padding: 4px 10px;\n            }\n        }\n    <\/style>\n<\/head>\n<body>\n    <div class=\"profiles-container\">\n        <!-- Profil 1: Yeahmur (\u00d6ncelikli - Canl\u0131) -->\n        <div class=\"profile-card featured\">\n            <div class=\"live-indicator\">\n                <div class=\"live-dot\"><\/div>\n                CANLI\n            <\/div>\n            <div class=\"profile-picture-wrapper\">\n                <div class=\"profile-picture live\">\n                    Y\n                <\/div>\n                <div class=\"live-text\">\u015euan Canl\u0131 Yay\u0131nda<\/div>\n            <\/div>\n            <div class=\"username-section\">\n                <span class=\"username\">Yeahmur<\/span>\n                <div class=\"verified-badge\">\u2713<\/div>\n            <\/div>\n            <div class=\"stats\">\n                <div class=\"stat-item\">\n                    <div class=\"stat-value\">1MN<\/div>\n                    <div class=\"stat-label\">Takip\u00e7i<\/div>\n                <\/div>\n                <div class=\"stat-item\">\n                    <div class=\"stat-value\">10<\/div>\n                    <div class=\"stat-label\">G\u00f6nderi<\/div>\n                <\/div>\n                <div class=\"stat-item\">\n                    <div class=\"stat-value\">800K<\/div>\n                    <div class=\"stat-label\">Be\u011feni<\/div>\n                <\/div>\n            <\/div>\n        <\/div>\n\n        <!-- Profil 2: Gizem Savage (\u00d6ncelikli - Canl\u0131) -->\n        <div class=\"profile-card featured\">\n            <div class=\"live-indicator\">\n                <div class=\"live-dot\"><\/div>\n                CANLI\n            <\/div>\n            <div class=\"profile-picture-wrapper\">\n                <div class=\"profile-picture live\">\n                    G\n                <\/div>\n                <div class=\"live-text\">\u015euan Canl\u0131 Yay\u0131nda<\/div>\n            <\/div>\n            <div class=\"username-section\">\n                <span class=\"username\">Gizem Savage<\/span>\n                <div class=\"verified-badge\">\u2713<\/div>\n            <\/div>\n            <div class=\"stats\">\n                <div class=\"stat-item\">\n                    <div class=\"stat-value\">800K<\/div>\n                    <div class=\"stat-label\">Takip\u00e7i<\/div>\n                <\/div>\n                <div class=\"stat-item\">\n                    <div class=\"stat-value\">15<\/div>\n                    <div class=\"stat-label\">G\u00f6nderi<\/div>\n                <\/div>\n                <div class=\"stat-item\">\n                    <div class=\"stat-value\">500K<\/div>\n                    <div class=\"stat-label\">Be\u011feni<\/div>\n                <\/div>\n            <\/div>\n        <\/div>\n\n        <!-- Profil 3: Random Kullan\u0131c\u0131 -->\n        <div class=\"profile-card\">\n            <div class=\"profile-picture-wrapper\">\n                <div class=\"profile-picture\" style=\"background: linear-gradient(135deg, #f093fb 0%, #f5576c 100%);\">\n                    S\n                <\/div>\n            <\/div>\n            <div class=\"username-section\">\n                <span class=\"username\">Selin Y\u0131ld\u0131z<\/span>\n                <div class=\"verified-badge\">\u2713<\/div>\n            <\/div>\n            <div class=\"stats\">\n                <div class=\"stat-item\">\n                    <div class=\"stat-value\">100K<\/div>\n                    <div class=\"stat-label\">Takip\u00e7i<\/div>\n                <\/div>\n                <div class=\"stat-item\">\n                    <div class=\"stat-value\">8<\/div>\n                    <div class=\"stat-label\">G\u00f6nderi<\/div>\n                <\/div>\n                <div class=\"stat-item\">\n                    <div class=\"stat-value\">45K<\/div>\n                    <div class=\"stat-label\">Be\u011feni<\/div>\n                <\/div>\n            <\/div>\n        <\/div>\n\n        <!-- Profil 4: Random Kullan\u0131c\u0131 -->\n        <div class=\"profile-card\">\n            <div class=\"profile-picture-wrapper\">\n                <div class=\"profile-picture\" style=\"background: linear-gradient(135deg, #4facfe 0%, #00f2fe 100%);\">\n                    D\n                <\/div>\n            <\/div>\n            <div class=\"username-section\">\n                <span class=\"username\">Deniz Ayd\u0131n<\/span>\n                <div class=\"verified-badge\">\u2713<\/div>\n            <\/div>\n            <div class=\"stats\">\n                <div class=\"stat-item\">\n                    <div class=\"stat-value\">80K<\/div>\n                    <div class=\"stat-label\">Takip\u00e7i<\/div>\n                <\/div>\n                <div class=\"stat-item\">\n                    <div class=\"stat-value\">12<\/div>\n                    <div class=\"stat-label\">G\u00f6nderi<\/div>\n                <\/div>\n                <div class=\"stat-item\">\n                    <div class=\"stat-value\">38K<\/div>\n                    <div class=\"stat-label\">Be\u011feni<\/div>\n                <\/div>\n            <\/div>\n        <\/div>\n\n        <!-- Profil 5: Random Kullan\u0131c\u0131 -->\n        <div class=\"profile-card\">\n            <div class=\"profile-picture-wrapper\">\n                <div class=\"profile-picture\" style=\"background: linear-gradient(135deg, #fa709a 0%, #fee140 100%);\">\n                    E\n                <\/div>\n            <\/div>\n            <div class=\"username-section\">\n                <span class=\"username\">Elif Demir<\/span>\n                <div class=\"verified-badge\">\u2713<\/div>\n            <\/div>\n            <div class=\"stats\">\n                <div class=\"stat-item\">\n                    <div class=\"stat-value\">50K<\/div>\n                    <div class=\"stat-label\">Takip\u00e7i<\/div>\n                <\/div>\n                <div class=\"stat-item\">\n                    <div class=\"stat-value\">6<\/div>\n                    <div class=\"stat-label\">G\u00f6nderi<\/div>\n                <\/div>\n                <div class=\"stat-item\">\n                    <div class=\"stat-value\">22K<\/div>\n                    <div class=\"stat-label\">Be\u011feni<\/div>\n                <\/div>\n            <\/div>\n        <\/div>\n\n        <!-- Profil 6: Random Kullan\u0131c\u0131 -->\n        <div class=\"profile-card\">\n            <div class=\"profile-picture-wrapper\">\n                <div class=\"profile-picture\" style=\"background: linear-gradient(135deg, #a8edea 0%, #fed6e3 100%);\">\n                    C\n                <\/div>\n            <\/div>\n            <div class=\"username-section\">\n                <span class=\"username\">Ceren Kaya<\/span>\n                <div class=\"verified-badge\">\u2713<\/div>\n            <\/div>\n            <div class=\"stats\">\n                <div class=\"stat-item\">\n                    <div class=\"stat-value\">65K<\/div>\n                    <div class=\"stat-label\">Takip\u00e7i<\/div>\n                <\/div>\n                <div class=\"stat-item\">\n                    <div class=\"stat-value\">9<\/div>\n                    <div class=\"stat-label\">G\u00f6nderi<\/div>\n                <\/div>\n                <div class=\"stat-item\">\n                    <div class=\"stat-value\">30K<\/div>\n                    <div class=\"stat-label\">Be\u011feni<\/div>\n                <\/div>\n            <\/div>\n        <\/div>\n    <\/div>\n<\/body>\n<\/html>\n\n\n\n\n<!DOCTYPE html>\n<html lang=\"tr\">\n<head>\n    <meta charset=\"UTF-8\">\n    <meta name=\"viewport\" content=\"width=device-width, initial-scale=1.0\">\n    <title>3D Neon Banner<\/title>\n    <style>\n        * {\n            margin: 0;\n            padding: 0;\n            box-sizing: border-box;\n        }\n\n        body {\n            background-color: #000000;\n            overflow: hidden;\n            font-family: 'Arial Black', 'Arial Bold', sans-serif;\n            display: flex;\n            justify-content: center;\n            align-items: center;\n            min-height: 100vh;\n        }\n\n        .banner-container {\n            width: 100%;\n            max-width: 100vw;\n            height: 150px;\n            overflow: hidden;\n            position: relative;\n            display: flex;\n            align-items: center;\n            background-color: #000000;\n            border: 3px solid #00d4ff;\n            box-shadow: \n                0 0 30px rgba(0, 212, 255, 0.5),\n                inset 0 0 50px rgba(0, 212, 255, 0.1);\n        }\n\n        .banner-wrapper {\n            display: flex;\n            align-items: center;\n            animation: scroll 15s linear infinite;\n            white-space: nowrap;\n            width: 100%;\n        }\n\n        .banner-link {\n            text-decoration: none;\n            display: inline-block;\n            cursor: pointer;\n            transition: transform 0.3s ease;\n        }\n\n        .banner-link:hover {\n            transform: scale(1.05);\n        }\n\n        .banner-text {\n            font-size: 4rem;\n            font-weight: 900;\n            letter-spacing: 0.05em;\n            padding: 0 60px;\n            display: inline-block;\n            color: #00d4ff;\n            text-transform: uppercase;\n            \/* Neon Blue Effect *\/\n            text-shadow: \n                0 0 10px #00d4ff,\n                0 0 20px #00d4ff,\n                0 0 30px #00d4ff,\n                0 0 40px #0099cc,\n                0 0 70px #0099cc,\n                0 0 80px #0099cc,\n                0 0 100px #0099cc,\n                0 0 150px #0099cc;\n            animation: neon-flicker 3s ease-in-out infinite alternate;\n        }\n\n        @keyframes scroll {\n            0% {\n                transform: translateX(0);\n            }\n            100% {\n                transform: translateX(-50%);\n            }\n        }\n\n        @keyframes neon-flicker {\n            0%, 18%, 22%, 25%, 53%, 57%, 100% {\n                text-shadow: \n                    0 0 10px #00d4ff,\n                    0 0 20px #00d4ff,\n                    0 0 30px #00d4ff,\n                    0 0 40px #0099cc,\n                    0 0 70px #0099cc,\n                    0 0 80px #0099cc,\n                    0 0 100px #0099cc,\n                    0 0 150px #0099cc;\n            }\n            20%, 24%, 55% {\n                text-shadow: \n                    0 0 5px #00d4ff,\n                    0 0 10px #00d4ff,\n                    0 0 15px #00d4ff,\n                    0 0 20px #0099cc,\n                    0 0 35px #0099cc;\n            }\n        }\n\n        \/* Tablet ve k\u00fc\u00e7\u00fck ekranlar i\u00e7in *\/\n        @media (max-width: 1024px) {\n            .banner-container {\n                height: 100px;\n            }\n            \n            .banner-text {\n                font-size: 2.5rem;\n                padding: 0 40px;\n            }\n        }\n\n        \/* Mobil i\u00e7in *\/\n        @media (max-width: 768px) {\n            .banner-container {\n                height: 80px;\n            }\n            \n            .banner-text {\n                font-size: 2rem;\n                padding: 0 30px;\n            }\n        }\n\n        \/* \u00c7ok k\u00fc\u00e7\u00fck ekranlar i\u00e7in *\/\n        @media (max-width: 480px) {\n            .banner-container {\n                height: 60px;\n            }\n            \n            .banner-text {\n                font-size: 1.4rem;\n                padding: 0 20px;\n            }\n        }\n    <\/style>\n<\/head>\n<body>\n    <div class=\"banner-container\">\n        <div class=\"banner-wrapper\">\n            <!-- \u0130lk set -->\n            <a href=\"https:\/\/onlyfanstr.iceiy.com\/public\/index.php\" class=\"banner-link\" target=\"_blank\" rel=\"noopener\">\n                <div class=\"banner-text\">Onlyfans Turkey Giri\u015f \u0130\u00e7in T\u0131kla<\/div>\n            <\/a>\n            <!-- \u0130kinci set (seamless d\u00f6ng\u00fc i\u00e7in) -->\n            <a href=\"https:\/\/onlyfanstr.iceiy.com\/public\/index.php\" class=\"banner-link\" target=\"_blank\" rel=\"noopener\">\n                <div class=\"banner-text\">Onlyfans Turkey Giri\u015f \u0130\u00e7in T\u0131kla<\/div>\n            <\/a>\n            <!-- \u00dc\u00e7\u00fcnc\u00fc set (seamless d\u00f6ng\u00fc i\u00e7in) -->\n            <a href=\"https:\/\/onlyfanstr.iceiy.com\/public\/index.php\" class=\"banner-link\" target=\"_blank\" rel=\"noopener\">\n                <div class=\"banner-text\">Onlyfans Turkey Giri\u015f \u0130\u00e7in T\u0131kla<\/div>\n            <\/a>\n        <\/div>\n    <\/div>\n<\/body>\n<\/html>\n\n","protected":false},"excerpt":{"rendered":"<p>Profil Kartlar\u0131 CANLI Y \u015euan Canl\u0131 Yay\u0131nda Yeahmur \u2713 1MN Takip\u00e7i 10 G\u00f6nderi 800K Be\u011feni CANLI G \u015euan Canl\u0131 Yay\u0131nda Gizem Savage \u2713 800K Takip\u00e7i 15 G\u00f6nderi 500K Be\u011feni S&hellip;<\/p>\n","protected":false},"author":1,"featured_media":0,"parent":0,"menu_order":0,"comment_status":"closed","ping_status":"closed","template":"","meta":{"om_disable_all_campaigns":false,"_monsterinsights_skip_tracking":false,"_monsterinsights_sitenote_active":false,"_monsterinsights_sitenote_note":"","_monsterinsights_sitenote_category":0,"footnotes":""},"class_list":["post-17","page","type-page","status-publish","hentry"],"aioseo_notices":[],"yoast_head":"<!-- This site is optimized with the Yoast SEO plugin v26.6 - https:\/\/yoast.com\/wordpress\/plugins\/seo\/ -->\n<title>Onlyfans Turkey - Yeahmur<\/title>\n<meta name=\"robots\" content=\"index, follow, max-snippet:-1, max-image-preview:large, max-video-preview:-1\" \/>\n<link rel=\"canonical\" href=\"https:\/\/yeahmur.wasmer.app\/?page_id=17\" \/>\n<meta property=\"og:locale\" content=\"tr_TR\" \/>\n<meta property=\"og:type\" content=\"article\" \/>\n<meta property=\"og:title\" content=\"Onlyfans Turkey - Yeahmur\" \/>\n<meta property=\"og:description\" content=\"Profil Kartlar\u0131 CANLI Y \u015euan Canl\u0131 Yay\u0131nda Yeahmur \u2713 1MN Takip\u00e7i 10 G\u00f6nderi 800K Be\u011feni CANLI G \u015euan Canl\u0131 Yay\u0131nda Gizem Savage \u2713 800K Takip\u00e7i 15 G\u00f6nderi 500K Be\u011feni S&hellip;\" \/>\n<meta property=\"og:url\" content=\"https:\/\/yeahmur.wasmer.app\/?page_id=17\" \/>\n<meta property=\"og:site_name\" content=\"Yeahmur\" \/>\n<meta property=\"article:modified_time\" content=\"2026-01-03T23:39:40+00:00\" \/>\n<meta name=\"twitter:card\" content=\"summary_large_image\" \/>\n<meta name=\"twitter:label1\" content=\"Tahmini okuma s\u00fcresi\" \/>\n\t<meta name=\"twitter:data1\" content=\"1 dakika\" \/>\n<script type=\"application\/ld+json\" class=\"yoast-schema-graph\">{\"@context\":\"https:\/\/schema.org\",\"@graph\":[{\"@type\":\"WebPage\",\"@id\":\"https:\/\/yeahmur.wasmer.app\/?page_id=17\",\"url\":\"https:\/\/yeahmur.wasmer.app\/?page_id=17\",\"name\":\"Onlyfans Turkey - Yeahmur\",\"isPartOf\":{\"@id\":\"https:\/\/yeahmur.wasmer.app\/#website\"},\"datePublished\":\"2026-01-03T23:30:20+00:00\",\"dateModified\":\"2026-01-03T23:39:40+00:00\",\"breadcrumb\":{\"@id\":\"https:\/\/yeahmur.wasmer.app\/?page_id=17#breadcrumb\"},\"inLanguage\":\"tr\",\"potentialAction\":[{\"@type\":\"ReadAction\",\"target\":[\"https:\/\/yeahmur.wasmer.app\/?page_id=17\"]}]},{\"@type\":\"BreadcrumbList\",\"@id\":\"https:\/\/yeahmur.wasmer.app\/?page_id=17#breadcrumb\",\"itemListElement\":[{\"@type\":\"ListItem\",\"position\":1,\"name\":\"Anasayfa\",\"item\":\"https:\/\/yeahmur.wasmer.app\/\"},{\"@type\":\"ListItem\",\"position\":2,\"name\":\"Onlyfans Turkey\"}]},{\"@type\":\"WebSite\",\"@id\":\"https:\/\/yeahmur.wasmer.app\/#website\",\"url\":\"https:\/\/yeahmur.wasmer.app\/\",\"name\":\"Yeahmur\",\"description\":\"yeahmur onlyfans,if\u015fa,yeahmur\",\"alternateName\":\"Onlyfans Yeahmur\",\"potentialAction\":[{\"@type\":\"SearchAction\",\"target\":{\"@type\":\"EntryPoint\",\"urlTemplate\":\"https:\/\/yeahmur.wasmer.app\/?s={search_term_string}\"},\"query-input\":{\"@type\":\"PropertyValueSpecification\",\"valueRequired\":true,\"valueName\":\"search_term_string\"}}],\"inLanguage\":\"tr\"}]}<\/script>\n<!-- \/ Yoast SEO plugin. -->","yoast_head_json":{"title":"Onlyfans Turkey - Yeahmur","robots":{"index":"index","follow":"follow","max-snippet":"max-snippet:-1","max-image-preview":"max-image-preview:large","max-video-preview":"max-video-preview:-1"},"canonical":"https:\/\/yeahmur.wasmer.app\/?page_id=17","og_locale":"tr_TR","og_type":"article","og_title":"Onlyfans Turkey - Yeahmur","og_description":"Profil Kartlar\u0131 CANLI Y \u015euan Canl\u0131 Yay\u0131nda Yeahmur \u2713 1MN Takip\u00e7i 10 G\u00f6nderi 800K Be\u011feni CANLI G \u015euan Canl\u0131 Yay\u0131nda Gizem Savage \u2713 800K Takip\u00e7i 15 G\u00f6nderi 500K Be\u011feni S&hellip;","og_url":"https:\/\/yeahmur.wasmer.app\/?page_id=17","og_site_name":"Yeahmur","article_modified_time":"2026-01-03T23:39:40+00:00","twitter_card":"summary_large_image","twitter_misc":{"Tahmini okuma s\u00fcresi":"1 dakika"},"schema":{"@context":"https:\/\/schema.org","@graph":[{"@type":"WebPage","@id":"https:\/\/yeahmur.wasmer.app\/?page_id=17","url":"https:\/\/yeahmur.wasmer.app\/?page_id=17","name":"Onlyfans Turkey - Yeahmur","isPartOf":{"@id":"https:\/\/yeahmur.wasmer.app\/#website"},"datePublished":"2026-01-03T23:30:20+00:00","dateModified":"2026-01-03T23:39:40+00:00","breadcrumb":{"@id":"https:\/\/yeahmur.wasmer.app\/?page_id=17#breadcrumb"},"inLanguage":"tr","potentialAction":[{"@type":"ReadAction","target":["https:\/\/yeahmur.wasmer.app\/?page_id=17"]}]},{"@type":"BreadcrumbList","@id":"https:\/\/yeahmur.wasmer.app\/?page_id=17#breadcrumb","itemListElement":[{"@type":"ListItem","position":1,"name":"Anasayfa","item":"https:\/\/yeahmur.wasmer.app\/"},{"@type":"ListItem","position":2,"name":"Onlyfans Turkey"}]},{"@type":"WebSite","@id":"https:\/\/yeahmur.wasmer.app\/#website","url":"https:\/\/yeahmur.wasmer.app\/","name":"Yeahmur","description":"yeahmur onlyfans,if\u015fa,yeahmur","alternateName":"Onlyfans Yeahmur","potentialAction":[{"@type":"SearchAction","target":{"@type":"EntryPoint","urlTemplate":"https:\/\/yeahmur.wasmer.app\/?s={search_term_string}"},"query-input":{"@type":"PropertyValueSpecification","valueRequired":true,"valueName":"search_term_string"}}],"inLanguage":"tr"}]}},"_links":{"self":[{"href":"https:\/\/yeahmur.wasmer.app\/index.php?rest_route=\/wp\/v2\/pages\/17","targetHints":{"allow":["GET"]}}],"collection":[{"href":"https:\/\/yeahmur.wasmer.app\/index.php?rest_route=\/wp\/v2\/pages"}],"about":[{"href":"https:\/\/yeahmur.wasmer.app\/index.php?rest_route=\/wp\/v2\/types\/page"}],"author":[{"embeddable":true,"href":"https:\/\/yeahmur.wasmer.app\/index.php?rest_route=\/wp\/v2\/users\/1"}],"replies":[{"embeddable":true,"href":"https:\/\/yeahmur.wasmer.app\/index.php?rest_route=%2Fwp%2Fv2%2Fcomments&post=17"}],"version-history":[{"count":0,"href":"https:\/\/yeahmur.wasmer.app\/index.php?rest_route=\/wp\/v2\/pages\/17\/revisions"}],"wp:attachment":[{"href":"https:\/\/yeahmur.wasmer.app\/index.php?rest_route=%2Fwp%2Fv2%2Fmedia&parent=17"}],"curies":[{"name":"wp","href":"https:\/\/api.w.org\/{rel}","templated":true}]}}